{"id":53,"date":"2018-09-07T13:44:34","date_gmt":"2018-09-07T13:44:34","guid":{"rendered":"https:\/\/ecaade-ris2019.create.aau.dk\/?page_id=53"},"modified":"2019-05-01T10:06:13","modified_gmt":"2019-05-01T10:06:13","slug":"symposium","status":"publish","type":"page","link":"https:\/\/ecaade-ris2019.create.aau.dk\/index.php\/program\/symposium\/","title":{"rendered":"Symposium"},"content":{"rendered":"<h2>Friday, May 3rd, 2019<\/h2>\n<h5>08:30 \u2013 09:00: REGISTRATIONS<\/h5>\n<p><em>Foyer @ Campus Service front desk<\/em><\/p>\n<h5>09:00 \u2013 09:30: WELCOME<\/h5>\n<p><em>4.521<\/em><\/p>\n<h3>Welcome<\/h3>\n<p>Hans J\u00f8rgen Andersen<br \/>\n<em>Head of Department of Architecture, Design and Media<\/em><br \/>\n<em>Technology, Aalborg University<\/em><\/p>\n<h3>Introduction<\/h3>\n<p>Martin Kraus &amp; Nicolai Stein\u00f8<br \/>\n<em>Symposium Chairs<\/em><\/p>\n<h5>09:30 \u2013 10:15: KEYNOTE<\/h5>\n<p><em>4.521<\/em><\/p>\n<h3>Social VR in Architecture<\/h3>\n<p>Tom\u00e1s Dorta<br \/>\n<em>Professor, University of Montr\u00e9al<\/em><\/p>\n<h5>10:15 \u2013 10:45: COFFEE BREAK<\/h5>\n<p><em>Hallway @ 4.517<\/em><\/p>\n<h5>10:45 \u2013 12:00: SESSION A\u00b701 INTERACTION<\/h5>\n<p><em>4.521<\/em><\/p>\n<h3>Virtual Reality for Prototyping Compression-Only Structures<\/h3>\n<p>Odysseas Kontovourkis and Andreas Stroumpoulis<\/p>\n<h3>Virtual City@Chalmers: Creating a Prototype for a Collaborative Early Stage Urban Planning AR Application<\/h3>\n<p>Fabio Latino, Vasilis Naserentin, Erik \u00d6hrn, Liane Thuvander and Anders Logg<\/p>\n<h3>Sketching Immersive Information Spaces: Lessons Learned from Experiments in &#8216;Sketching For and Through Virtual Reality&#8217;<\/h3>\n<p>Peter Vistisen, Danwei Tran Luciani and Philip Ekstr\u00f6mer<\/p>\n<h5>10:45 \u2013 12:00: SESSION B\u00b701 AUGMENTED REALITY<\/h5>\n<p><em>4.517<\/em><\/p>\n<h3>Mixed Reality and Lost Heritage: Reconstituting the Monastery of Santa Cruz of Coimbra through VR-AR Convergence<\/h3>\n<p>Mauro Costa Couceiro, Rui Lobo and Ant\u00f3nio Monteiro<\/p>\n<h3>Improving Visual Design Perception by an Integrated Mixed Reality Environment for Performative Architecture<\/h3>\n<p>Sahin Akin, O\u011fuzcan Ergun, Ipek Gursel Dino and Elif Surer<\/p>\n<h3>Context-Aware Image Acquisition Approaches for Renovation Building Process Using AR and Linked Data<\/h3>\n<p>Oliver Schulz and Jakob Beetz<\/p>\n<h5>12:00 \u2013 13:00: LUNCH<\/h5>\n<p><em>Foyer @ Canteen seating<\/em><\/p>\n<h5>13:00 \u2013 14:15: SESSION A\u00b702 NAVIGATION<\/h5>\n<p><em>4.521<\/em><\/p>\n<h3>The Use of Virtual Reality in Exploring Non-Linear Interpretations of Literary Architecture: An Initial Methodology<\/h3>\n<p>Yisi Liu<\/p>\n<h3>The Effect of Biomechanical Symmetry on Presence and Simulator Sickness in a Virtual Reality Application Controlled by a VR Bike<\/h3>\n<p>Alexandra Maria Bartas, Christian S\u00f8gaard Dahl, Georgi Petrov Nedelev, Thomas Gustafsen, Weronika Katarzyna Korbutt and Viktor Schmuck<\/p>\n<h5>13:00 \u2013 14:15: SESSION B\u00b702 LIGHT<\/h5>\n<p><em>4.517<\/em><\/p>\n<h3>A Study of Perceived Spatial Depth in Relation to Brightness Level Evaluated by VR<\/h3>\n<p>Kensuke Hotta, Seigo Tanaka, Alric Lee, Haruna Okawa and Ikuya Hanaoka<\/p>\n<h3>The Use of VR Technologies to Enhance Methods for Lighting Design Practice<\/h3>\n<p>Philip Jelvard and Michael F. Mullins<\/p>\n<h3>Establishing Daylight Studies Inside Architectural hale Models with 360\u00b0 Panoramas Viewed in VR<\/h3>\n<p>Anette Kreutzberg and Katja B\u00fclow<\/p>\n<h5>14:15 \u2013 14:45: COFFEE BREAK<\/h5>\n<p><em>Hallway @ 4.517<\/em><\/p>\n<h5>14:45 \u2013 16:00: SESSION A\u00b703 EDUCATION<\/h5>\n<p><em>4.521<\/em><\/p>\n<h3>Integrating Digital Reality into Architectural Education: Virtual Urban Environment Design and Real-Time Simulated Behaviors<\/h3>\n<p>Maria Velaora, Fran\u00e7ois Guena and Konstantinos Moraitis<\/p>\n<h3>The Effect of Immersive Virtual Reality on Perception of Topological Relations in Architectural Design Education<\/h3>\n<p>\u0130lke Y\u0131ldan and G\u00fclen \u00c7a\u011fda\u015f<\/p>\n<h3>VRiC: Virtual Reality in Construction: Proposal of a Virtual Reality Based Learning Environment for Building Construction Systems<\/h3>\n<p>Varlik Yucel and Sema Ala\u00e7am<\/p>\n<h5>14:45 \u2013 16:00: SESSION B\u00b703 PERCEPTION<\/h5>\n<p><em>4.517<\/em><\/p>\n<h3>An Empirical Inquiry into the Affective Qualities of Virtual Spatial Enclosures in Head Mounted Display driven VR Systems: The Logic at Work behind the Magic of Space<\/h3>\n<p>Rohit Priyadarshi Sanatani<\/p>\n<h3>The Neurological Impact of Perception of Architectural Space in Virtual Reality: Virtual Reality with Building Information Modelling and EEG<\/h3>\n<p>Anders Hermund, Morten Myrup Jensen and Lars Simon Klint<\/p>\n<h3>Realistic Real Time Simulation of Room Acoustics using Virtual Reality with Auralization: Development and Initial Testing<\/h3>\n<p>Simon Swanstr\u00f6m Wyke, Flemming Christensen, Kjeld Svidt,\u00a0J\u00f8rgen Storm Emborg and Rasmus Lund Jensen<\/p>\n<h5>16:00 \u2013 17:00: ROUNDUP AND END OF SYMPOSIUM<\/h5>\n<p><em>4.521<\/em><\/p>\n","protected":false},"excerpt":{"rendered":"<p>Friday, May 3rd, 2019 08:30 \u2013 09:00: REGISTRATIONS Foyer @ Campus Service front desk 09:00 \u2013 09:30: WELCOME 4.521 Welcome Hans J\u00f8rgen Andersen Head of Department of Architecture, Design and Media Technology, Aalborg University Introduction Martin Kraus &amp; Nicolai Stein\u00f8 Symposium Chairs 09:30 \u2013 10:15: KEYNOTE 4.521 Social VR in Architecture Tom\u00e1s Dorta Professor, University &hellip; <\/p>\n<p class=\"link-more\"><a href=\"https:\/\/ecaade-ris2019.create.aau.dk\/index.php\/program\/symposium\/\" class=\"more-link\">Continue reading<span class=\"screen-reader-text\"> &#8220;Symposium&#8221;<\/span><\/a><\/p>\n","protected":false},"author":4,"featured_media":0,"parent":113,"menu_order":1,"comment_status":"closed","ping_status":"closed","template":"","meta":{"footnotes":""},"class_list":["post-53","page","type-page","status-publish","hentry"],"_links":{"self":[{"href":"https:\/\/ecaade-ris2019.create.aau.dk\/index.php\/wp-json\/wp\/v2\/pages\/53","targetHints":{"allow":["GET"]}}],"collection":[{"href":"https:\/\/ecaade-ris2019.create.aau.dk\/index.php\/wp-json\/wp\/v2\/pages"}],"about":[{"href":"https:\/\/ecaade-ris2019.create.aau.dk\/index.php\/wp-json\/wp\/v2\/types\/page"}],"author":[{"embeddable":true,"href":"https:\/\/ecaade-ris2019.create.aau.dk\/index.php\/wp-json\/wp\/v2\/users\/4"}],"replies":[{"embeddable":true,"href":"https:\/\/ecaade-ris2019.create.aau.dk\/index.php\/wp-json\/wp\/v2\/comments?post=53"}],"version-history":[{"count":9,"href":"https:\/\/ecaade-ris2019.create.aau.dk\/index.php\/wp-json\/wp\/v2\/pages\/53\/revisions"}],"predecessor-version":[{"id":151,"href":"https:\/\/ecaade-ris2019.create.aau.dk\/index.php\/wp-json\/wp\/v2\/pages\/53\/revisions\/151"}],"up":[{"embeddable":true,"href":"https:\/\/ecaade-ris2019.create.aau.dk\/index.php\/wp-json\/wp\/v2\/pages\/113"}],"wp:attachment":[{"href":"https:\/\/ecaade-ris2019.create.aau.dk\/index.php\/wp-json\/wp\/v2\/media?parent=53"}],"curies":[{"name":"wp","href":"https:\/\/api.w.org\/{rel}","templated":true}]}}