{"id":16,"date":"2018-09-07T12:57:13","date_gmt":"2018-09-07T12:57:13","guid":{"rendered":"https:\/\/ecaade-ris2019.create.aau.dk\/?page_id=16"},"modified":"2018-11-01T11:30:50","modified_gmt":"2018-11-01T11:30:50","slug":"contact","status":"publish","type":"page","link":"https:\/\/ecaade-ris2019.create.aau.dk\/index.php\/contact\/","title":{"rendered":"Organisers"},"content":{"rendered":"<div class=\"page\" data-page-number=\"9\" data-loaded=\"true\">\n<div class=\"textLayer\">\n<h4>Symposium Chair<\/h4>\n<p>Nicolai Stein\u00f8<br \/>\nMartin Kraus<\/p>\n<h4>Secretarial Staff<\/h4>\n<p>Tine Skj\u00f8dt Andreasen<br \/>\nBirgith Skipper Holstein<\/p>\n<h4><span style=\"font-size: 1rem;\">Budget and Financing<\/span><\/h4>\n<p>Lisbeth Dam<br \/>\nUffe Dyran<\/p>\n<h4>Student Assistants<\/h4>\n<p>Ditte M\u00f8lgaard Hansen<\/p>\n<\/div>\n<\/div>\n","protected":false},"excerpt":{"rendered":"<p>Symposium Chair Nicolai Stein\u00f8 Martin Kraus Secretarial Staff Tine Skj\u00f8dt Andreasen Birgith Skipper Holstein Budget and Financing Lisbeth Dam Uffe Dyran Student Assistants Ditte M\u00f8lgaard Hansen<\/p>\n","protected":false},"author":4,"featured_media":0,"parent":0,"menu_order":6,"comment_status":"closed","ping_status":"closed","template":"","meta":{"footnotes":""},"class_list":["post-16","page","type-page","status-publish","hentry"],"_links":{"self":[{"href":"https:\/\/ecaade-ris2019.create.aau.dk\/index.php\/wp-json\/wp\/v2\/pages\/16","targetHints":{"allow":["GET"]}}],"collection":[{"href":"https:\/\/ecaade-ris2019.create.aau.dk\/index.php\/wp-json\/wp\/v2\/pages"}],"about":[{"href":"https:\/\/ecaade-ris2019.create.aau.dk\/index.php\/wp-json\/wp\/v2\/types\/page"}],"author":[{"embeddable":true,"href":"https:\/\/ecaade-ris2019.create.aau.dk\/index.php\/wp-json\/wp\/v2\/users\/4"}],"replies":[{"embeddable":true,"href":"https:\/\/ecaade-ris2019.create.aau.dk\/index.php\/wp-json\/wp\/v2\/comments?post=16"}],"version-history":[{"count":8,"href":"https:\/\/ecaade-ris2019.create.aau.dk\/index.php\/wp-json\/wp\/v2\/pages\/16\/revisions"}],"predecessor-version":[{"id":225,"href":"https:\/\/ecaade-ris2019.create.aau.dk\/index.php\/wp-json\/wp\/v2\/pages\/16\/revisions\/225"}],"wp:attachment":[{"href":"https:\/\/ecaade-ris2019.create.aau.dk\/index.php\/wp-json\/wp\/v2\/media?parent=16"}],"curies":[{"name":"wp","href":"https:\/\/api.w.org\/{rel}","templated":true}]}}